{"id":846,"date":"2025-05-08T00:59:55","date_gmt":"2025-05-08T03:59:55","guid":{"rendered":"https:\/\/cavfea.webcontent-dev.com.br\/minhas-solicitacoes\/"},"modified":"2025-05-08T02:32:59","modified_gmt":"2025-05-08T05:32:59","slug":"minhas-solicitacoes","status":"publish","type":"page","link":"https:\/\/fea.unicamp.br\/cav\/minhas-solicitacoes\/","title":{"rendered":"Minhas Solicita\u00e7\u00f5es"},"content":{"rendered":"\t\t<div data-elementor-type=\"wp-page\" data-elementor-id=\"846\" class=\"elementor elementor-846\">\n\t\t\t\t\t\t<section class=\"elementor-section elementor-top-section elementor-element elementor-element-ac879ad elementor-section-boxed elementor-section-height-default elementor-section-height-default\" data-id=\"ac879ad\" data-element_type=\"section\" data-e-type=\"section\" data-settings=\"{&quot;background_background&quot;:&quot;classic&quot;}\">\n\t\t\t\t\t\t\t<div class=\"elementor-background-overlay\"><\/div>\n\t\t\t\t\t\t\t<div class=\"elementor-container elementor-column-gap-default\">\n\t\t\t\t\t<div class=\"elementor-column elementor-col-100 elementor-top-column elementor-element elementor-element-d763bbf\" data-id=\"d763bbf\" data-element_type=\"column\" data-e-type=\"column\">\n\t\t\t<div class=\"elementor-widget-wrap elementor-element-populated\">\n\t\t\t\t\t\t<section class=\"elementor-section elementor-inner-section elementor-element elementor-element-ca015f6 elementor-section-boxed elementor-section-height-default elementor-section-height-default\" data-id=\"ca015f6\" data-element_type=\"section\" data-e-type=\"section\">\n\t\t\t\t\t\t<div class=\"elementor-container elementor-column-gap-no\">\n\t\t\t\t\t<div class=\"elementor-column elementor-col-33 elementor-inner-column elementor-element elementor-element-3b33924\" data-id=\"3b33924\" data-element_type=\"column\" data-e-type=\"column\">\n\t\t\t<div class=\"elementor-widget-wrap\">\n\t\t\t\t\t\t\t<\/div>\n\t\t<\/div>\n\t\t\t\t<div class=\"elementor-column elementor-col-33 elementor-inner-column elementor-element elementor-element-f9fc121\" data-id=\"f9fc121\" data-element_type=\"column\" data-e-type=\"column\">\n\t\t\t<div class=\"elementor-widget-wrap elementor-element-populated\">\n\t\t\t\t\t\t<div class=\"elementor-element elementor-element-08f0fd9 elementor-widget elementor-widget-image\" data-id=\"08f0fd9\" data-element_type=\"widget\" data-e-type=\"widget\" data-widget_type=\"image.default\">\n\t\t\t\t<div class=\"elementor-widget-container\">\n\t\t\t\t\t\t\t\t\t\t\t\t\t\t\t<img fetchpriority=\"high\" decoding=\"async\" width=\"800\" height=\"372\" src=\"https:\/\/fea.unicamp.br\/cav\/wp-content\/uploads\/2025\/05\/cav-logo.png\" class=\"attachment-full size-full wp-image-768\" alt=\"\" srcset=\"https:\/\/fea.unicamp.br\/cav\/wp-content\/uploads\/2025\/05\/cav-logo.png 800w, https:\/\/fea.unicamp.br\/cav\/wp-content\/uploads\/2025\/05\/cav-logo-200x93.png 200w, https:\/\/fea.unicamp.br\/cav\/wp-content\/uploads\/2025\/05\/cav-logo-230x107.png 230w, https:\/\/fea.unicamp.br\/cav\/wp-content\/uploads\/2025\/05\/cav-logo-350x163.png 350w, https:\/\/fea.unicamp.br\/cav\/wp-content\/uploads\/2025\/05\/cav-logo-480x223.png 480w\" sizes=\"(max-width: 800px) 100vw, 800px\" \/>\t\t\t\t\t\t\t\t\t\t\t\t\t\t\t<\/div>\n\t\t\t\t<\/div>\n\t\t\t\t\t<\/div>\n\t\t<\/div>\n\t\t\t\t<div class=\"elementor-column elementor-col-33 elementor-inner-column elementor-element elementor-element-06ceb3e\" data-id=\"06ceb3e\" data-element_type=\"column\" data-e-type=\"column\">\n\t\t\t<div class=\"elementor-widget-wrap\">\n\t\t\t\t\t\t\t<\/div>\n\t\t<\/div>\n\t\t\t\t\t<\/div>\n\t\t<\/section>\n\t\t\t\t\t<\/div>\n\t\t<\/div>\n\t\t\t\t\t<\/div>\n\t\t<\/section>\n\t\t<div class=\"elementor-element elementor-element-448da8a e-flex e-con-boxed e-con e-parent\" data-id=\"448da8a\" data-element_type=\"container\" data-e-type=\"container\" data-settings=\"{&quot;background_background&quot;:&quot;classic&quot;}\">\n\t\t\t\t\t<div class=\"e-con-inner\">\n\t\t<div class=\"elementor-element elementor-element-df22751 e-con-full e-flex e-con e-child\" data-id=\"df22751\" data-element_type=\"container\" data-e-type=\"container\">\n\t\t<div class=\"elementor-element elementor-element-7e996dc e-con-full e-flex e-con e-child\" data-id=\"7e996dc\" data-element_type=\"container\" data-e-type=\"container\" data-settings=\"{&quot;background_background&quot;:&quot;classic&quot;}\">\n\t\t\t\t<div class=\"elementor-element elementor-element-b474562 elementor-widget elementor-widget-heading\" data-id=\"b474562\" data-element_type=\"widget\" data-e-type=\"widget\" data-widget_type=\"heading.default\">\n\t\t\t\t<div class=\"elementor-widget-container\">\n\t\t\t\t\t<h2 class=\"elementor-heading-title elementor-size-default\">Minhas Solicita\u00e7\u00f5es<\/h2>\t\t\t\t<\/div>\n\t\t\t\t<\/div>\n\t\t\t\t<div class=\"elementor-element elementor-element-6b7ad94 elementor-widget elementor-widget-shortcode\" data-id=\"6b7ad94\" data-element_type=\"widget\" data-e-type=\"widget\" data-widget_type=\"shortcode.default\">\n\t\t\t\t<div class=\"elementor-widget-container\">\n\t\t\t\t\t\t\t<div class=\"elementor-shortcode\"><p>Voc\u00ea precisa estar logado como empresa para ver suas solicita\u00e7\u00f5es. <a href=\"https:\/\/fea.unicamp.br\/cav\/url-da-pagina-de-login\/\">Fazer login<\/a>.<\/p><\/div>\n\t\t\t\t\t\t<\/div>\n\t\t\t\t<\/div>\n\t\t\t\t<\/div>\n\t\t\t\t<\/div>\n\t\t\t\t\t<\/div>\n\t\t\t\t<\/div>\n\t\t\t\t<\/div>\n\t\t","protected":false},"excerpt":{"rendered":"<p>Minhas Solicita\u00e7\u00f5es<\/p>\n","protected":false},"author":1,"featured_media":0,"parent":0,"menu_order":0,"comment_status":"closed","ping_status":"closed","template":"elementor_header_footer","meta":{"footnotes":""},"class_list":["post-846","page","type-page","status-publish","hentry"],"_links":{"self":[{"href":"https:\/\/fea.unicamp.br\/cav\/wp-json\/wp\/v2\/pages\/846","targetHints":{"allow":["GET"]}}],"collection":[{"href":"https:\/\/fea.unicamp.br\/cav\/wp-json\/wp\/v2\/pages"}],"about":[{"href":"https:\/\/fea.unicamp.br\/cav\/wp-json\/wp\/v2\/types\/page"}],"author":[{"embeddable":true,"href":"https:\/\/fea.unicamp.br\/cav\/wp-json\/wp\/v2\/users\/1"}],"replies":[{"embeddable":true,"href":"https:\/\/fea.unicamp.br\/cav\/wp-json\/wp\/v2\/comments?post=846"}],"version-history":[{"count":4,"href":"https:\/\/fea.unicamp.br\/cav\/wp-json\/wp\/v2\/pages\/846\/revisions"}],"predecessor-version":[{"id":966,"href":"https:\/\/fea.unicamp.br\/cav\/wp-json\/wp\/v2\/pages\/846\/revisions\/966"}],"wp:attachment":[{"href":"https:\/\/fea.unicamp.br\/cav\/wp-json\/wp\/v2\/media?parent=846"}],"curies":[{"name":"wp","href":"https:\/\/api.w.org\/{rel}","templated":true}]}}