{"id":845,"date":"2025-05-08T00:59:55","date_gmt":"2025-05-08T03:59:55","guid":{"rendered":"https:\/\/cavfea.webcontent-dev.com.br\/nova-solicitacao\/"},"modified":"2025-05-08T02:29:23","modified_gmt":"2025-05-08T05:29:23","slug":"nova-solicitacao","status":"publish","type":"page","link":"https:\/\/fea.unicamp.br\/cav\/nova-solicitacao\/","title":{"rendered":"Nova Solicita\u00e7\u00e3o de An\u00e1lise"},"content":{"rendered":"\t\t<div data-elementor-type=\"wp-page\" data-elementor-id=\"845\" class=\"elementor elementor-845\">\n\t\t\t\t\t\t<section class=\"elementor-section elementor-top-section elementor-element elementor-element-a941496 elementor-section-boxed elementor-section-height-default elementor-section-height-default\" data-id=\"a941496\" data-element_type=\"section\" data-e-type=\"section\" data-settings=\"{&quot;background_background&quot;:&quot;classic&quot;}\">\n\t\t\t\t\t\t\t<div class=\"elementor-background-overlay\"><\/div>\n\t\t\t\t\t\t\t<div class=\"elementor-container elementor-column-gap-default\">\n\t\t\t\t\t<div class=\"elementor-column elementor-col-100 elementor-top-column elementor-element elementor-element-a2244e8\" data-id=\"a2244e8\" data-element_type=\"column\" data-e-type=\"column\">\n\t\t\t<div class=\"elementor-widget-wrap elementor-element-populated\">\n\t\t\t\t\t\t<section class=\"elementor-section elementor-inner-section elementor-element elementor-element-9bebe12 elementor-section-boxed elementor-section-height-default elementor-section-height-default\" data-id=\"9bebe12\" data-element_type=\"section\" data-e-type=\"section\">\n\t\t\t\t\t\t<div class=\"elementor-container elementor-column-gap-no\">\n\t\t\t\t\t<div class=\"elementor-column elementor-col-33 elementor-inner-column elementor-element elementor-element-476126f\" data-id=\"476126f\" data-element_type=\"column\" data-e-type=\"column\">\n\t\t\t<div class=\"elementor-widget-wrap\">\n\t\t\t\t\t\t\t<\/div>\n\t\t<\/div>\n\t\t\t\t<div class=\"elementor-column elementor-col-33 elementor-inner-column elementor-element elementor-element-0be259a\" data-id=\"0be259a\" data-element_type=\"column\" data-e-type=\"column\">\n\t\t\t<div class=\"elementor-widget-wrap elementor-element-populated\">\n\t\t\t\t\t\t<div class=\"elementor-element elementor-element-9faf73a elementor-widget elementor-widget-image\" data-id=\"9faf73a\" data-element_type=\"widget\" data-e-type=\"widget\" data-widget_type=\"image.default\">\n\t\t\t\t<div class=\"elementor-widget-container\">\n\t\t\t\t\t\t\t\t\t\t\t\t\t\t\t<img fetchpriority=\"high\" decoding=\"async\" width=\"800\" height=\"372\" src=\"https:\/\/fea.unicamp.br\/cav\/wp-content\/uploads\/2025\/05\/cav-logo.png\" class=\"attachment-full size-full wp-image-768\" alt=\"\" srcset=\"https:\/\/fea.unicamp.br\/cav\/wp-content\/uploads\/2025\/05\/cav-logo.png 800w, https:\/\/fea.unicamp.br\/cav\/wp-content\/uploads\/2025\/05\/cav-logo-200x93.png 200w, https:\/\/fea.unicamp.br\/cav\/wp-content\/uploads\/2025\/05\/cav-logo-230x107.png 230w, https:\/\/fea.unicamp.br\/cav\/wp-content\/uploads\/2025\/05\/cav-logo-350x163.png 350w, https:\/\/fea.unicamp.br\/cav\/wp-content\/uploads\/2025\/05\/cav-logo-480x223.png 480w\" sizes=\"(max-width: 800px) 100vw, 800px\" \/>\t\t\t\t\t\t\t\t\t\t\t\t\t\t\t<\/div>\n\t\t\t\t<\/div>\n\t\t\t\t\t<\/div>\n\t\t<\/div>\n\t\t\t\t<div class=\"elementor-column elementor-col-33 elementor-inner-column elementor-element elementor-element-d8c2d69\" data-id=\"d8c2d69\" data-element_type=\"column\" data-e-type=\"column\">\n\t\t\t<div class=\"elementor-widget-wrap\">\n\t\t\t\t\t\t\t<\/div>\n\t\t<\/div>\n\t\t\t\t\t<\/div>\n\t\t<\/section>\n\t\t\t\t\t<\/div>\n\t\t<\/div>\n\t\t\t\t\t<\/div>\n\t\t<\/section>\n\t\t<div class=\"elementor-element elementor-element-169098b e-flex e-con-boxed e-con e-parent\" data-id=\"169098b\" data-element_type=\"container\" data-e-type=\"container\" data-settings=\"{&quot;background_background&quot;:&quot;classic&quot;}\">\n\t\t\t\t\t<div class=\"e-con-inner\">\n\t\t<div class=\"elementor-element elementor-element-1124cf2 e-con-full e-flex e-con e-child\" data-id=\"1124cf2\" data-element_type=\"container\" data-e-type=\"container\">\n\t\t<div class=\"elementor-element elementor-element-3d91607 e-con-full e-flex e-con e-child\" data-id=\"3d91607\" data-element_type=\"container\" data-e-type=\"container\" data-settings=\"{&quot;background_background&quot;:&quot;classic&quot;}\">\n\t\t\t\t<div class=\"elementor-element elementor-element-db72d9e elementor-widget elementor-widget-heading\" data-id=\"db72d9e\" data-element_type=\"widget\" data-e-type=\"widget\" data-widget_type=\"heading.default\">\n\t\t\t\t<div class=\"elementor-widget-container\">\n\t\t\t\t\t<h2 class=\"elementor-heading-title elementor-size-default\">Nova Solicita\u00e7\u00e3o<\/h2>\t\t\t\t<\/div>\n\t\t\t\t<\/div>\n\t\t\t\t<div class=\"elementor-element elementor-element-e129f20 elementor-widget elementor-widget-shortcode\" data-id=\"e129f20\" data-element_type=\"widget\" data-e-type=\"widget\" data-widget_type=\"shortcode.default\">\n\t\t\t\t<div class=\"elementor-widget-container\">\n\t\t\t\t\t\t\t<div class=\"elementor-shortcode\"><p>Voc\u00ea precisa estar logado como empresa para criar uma nova solicita\u00e7\u00e3o. <a href=\"https:\/\/fea.unicamp.br\/cav\/empresa-login\/\">Fazer login<\/a>.<\/p><\/div>\n\t\t\t\t\t\t<\/div>\n\t\t\t\t<\/div>\n\t\t\t\t<\/div>\n\t\t\t\t<\/div>\n\t\t\t\t\t<\/div>\n\t\t\t\t<\/div>\n\t\t\t\t<\/div>\n\t\t","protected":false},"excerpt":{"rendered":"<p>Nova Solicita\u00e7\u00e3o<\/p>\n","protected":false},"author":1,"featured_media":0,"parent":0,"menu_order":0,"comment_status":"closed","ping_status":"closed","template":"elementor_header_footer","meta":{"footnotes":""},"class_list":["post-845","page","type-page","status-publish","hentry"],"_links":{"self":[{"href":"https:\/\/fea.unicamp.br\/cav\/wp-json\/wp\/v2\/pages\/845","targetHints":{"allow":["GET"]}}],"collection":[{"href":"https:\/\/fea.unicamp.br\/cav\/wp-json\/wp\/v2\/pages"}],"about":[{"href":"https:\/\/fea.unicamp.br\/cav\/wp-json\/wp\/v2\/types\/page"}],"author":[{"embeddable":true,"href":"https:\/\/fea.unicamp.br\/cav\/wp-json\/wp\/v2\/users\/1"}],"replies":[{"embeddable":true,"href":"https:\/\/fea.unicamp.br\/cav\/wp-json\/wp\/v2\/comments?post=845"}],"version-history":[{"count":7,"href":"https:\/\/fea.unicamp.br\/cav\/wp-json\/wp\/v2\/pages\/845\/revisions"}],"predecessor-version":[{"id":962,"href":"https:\/\/fea.unicamp.br\/cav\/wp-json\/wp\/v2\/pages\/845\/revisions\/962"}],"wp:attachment":[{"href":"https:\/\/fea.unicamp.br\/cav\/wp-json\/wp\/v2\/media?parent=845"}],"curies":[{"name":"wp","href":"https:\/\/api.w.org\/{rel}","templated":true}]}}